{"id":17721,"date":"2019-01-22T13:10:22","date_gmt":"2019-01-22T10:10:22","guid":{"rendered":"https:\/\/fey.com.tr\/?page_id=17721"},"modified":"2021-11-02T08:59:29","modified_gmt":"2021-11-02T05:59:29","slug":"about","status":"publish","type":"page","link":"https:\/\/fey.com.tr\/tr\/about\/","title":{"rendered":"About"},"content":{"rendered":"<div class=\"wpb-content-wrapper\"><p>[vc_row css_animation=&#8221;&#8221; row_type=&#8221;row&#8221; use_row_as_full_screen_section=&#8221;no&#8221; type=&#8221;grid&#8221; angled_section=&#8221;no&#8221; text_align=&#8221;left&#8221; background_image_as_pattern=&#8221;without_pattern&#8221;][vc_column width=&#8221;1\/2&#8243; offset=&#8221;vc_col-lg-6 vc_col-md-6 vc_col-xs-12&#8243;]<div class=\"q_image_with_text_over\"><div class=\"shader\" style=\"background-color: rgba(0,0,0,0.01)\"><\/div><img decoding=\"async\" itemprop=\"image\" src=\"https:\/\/fey.com.tr\/wp-content\/uploads\/2018\/02\/fatos_yalin_arkun.jpg\" alt=\"\" \/><div class=\"text\"><table><tr><td><h3 class=\"caption no_icon\" style=\"\"><\/h3><\/td><\/tr><\/table><table><tr><td><div class=\"desc\"><\/p>\n<p style=\"text-align: left;\">Ya\u015fs\u0131z, zamans\u0131z, moda olmad\u0131\u011f\u0131 i\u00e7in demode de olmayacak k\u00fc\u00e7\u00fck detaylarla fark yaratan gizli bir \u015f\u0131kl\u0131k&#8230; Fey\u2019i ger\u00e7ekle\u015ftirirken b\u00fct\u00fcn bunlar\u0131 d\u00fc\u015f\u00fcnd\u00fcm.<\/p>\n<p style=\"text-align: right;\">Fato\u015f Yal\u0131n Arkun<\/p>\n<p style=\"text-align: right;\">Kurucu, Kreatif Direkt\u00f6r<\/p>\n<p><\/div><\/td><\/tr><\/table><\/div><\/div>[vc_empty_space height=&#8221;16px&#8221;][\/vc_column][vc_column width=&#8221;1\/2&#8243;][vc_column_text]<\/p>\n<div class=\"about_info about_info2\">\n<p>K\u00fc\u00e7\u00fck bir k\u0131z \u00e7ocu\u011fuyken ilk dikkatini \u00e7eken; evlerden sokaklara yans\u0131yan k\u00f6t\u00fc avize ve floresan \u0131\u015f\u0131klar\u0131 oluyor. Bu ileride g\u00f6rsel yan\u0131 a\u011f\u0131r basan i\u015flerle u\u011fra\u015faca\u011f\u0131n\u0131n ilk i\u015fareti ayn\u0131 zamanda&#8230;<\/p>\n<p>&nbsp;<\/p>\n<p>Vizon dergisi, ard\u0131ndan Yarg\u0131c\u0131 ve 24 y\u0131l da Marie Claire dergisine imza at\u0131yor. Bir d\u00f6nemse \u00f6zg\u00fcrl\u00fc\u011f\u00fcn\u00fc k\u0131s\u0131tlayan, \u2018sat\u0131lan\u2019 yay\u0131nlar yapmaktan s\u0131k\u0131ld\u0131\u011f\u0131 i\u00e7in Biz dergisini haz\u0131rl\u0131yor. 1989 y\u0131l\u0131nda onunla birlikte, T\u00fcrkiye\u2019de ilk kez dergi k\u00fcnyelerinde \u2018moda edit\u00f6r\u00fc\u2019 unvan\u0131 yer almaya ba\u015fl\u0131yor.<\/p>\n<\/div>\n<p>[\/vc_column_text][vc_empty_space height=&#8221;16px&#8221;]<div class=\"q_image_with_text_over\"><div class=\"shader\" style=\"background-color: rgba(255,255,255,0.01)\"><\/div><img decoding=\"async\" itemprop=\"image\" src=\"https:\/\/fey.com.tr\/wp-content\/uploads\/2018\/02\/about_2.jpg\" alt=\"\" \/><div class=\"text\"><table><tr><td><h3 class=\"caption no_icon\" style=\"\"><\/h3><\/td><\/tr><\/table><table><tr><td><div class=\"desc\"><\/div><\/td><\/tr><\/table><\/div><\/div>[vc_empty_space height=&#8221;16px&#8221;][vc_column_text]Y\u0131llar i\u00e7inde edindi\u011fi birikimleri payla\u015fma iste\u011fi ile bir ma\u011faza de\u011fil de mek\u00e2n olarak d\u00fc\u015f\u00fcnd\u00fc\u011f\u00fc, u\u011frayanlar\u0131n kendini iyi hissetmesini hayal etti\u011fi FEY\u2019e hayat veriyor. \u0130lham kayna\u011f\u0131 ise James Mason Brown\u2019\u0131n; \u201cThe fey quality was there, the ability to see the moon at mid-day\u201d s\u00f6z\u00fc oluyor. FEY\u2019de; eksikli\u011fini hissedip \u00fcretti\u011fi k\u0131yafetleri, vintage\u2019lar\u0131, aksesuarlar\u0131, ev e\u015fyalar\u0131n\u0131 bir araya topluyor.<\/p>\n<p>&nbsp;<\/p>\n<p>Ad\u0131 \u00fczerinde; FEY b\u00fcy\u00fcl\u00fc, ezberbozan ve e\u015fsiz&#8230;[\/vc_column_text][\/vc_column][\/vc_row][vc_row css_animation=&#8221;&#8221; row_type=&#8221;row&#8221; use_row_as_full_screen_section=&#8221;no&#8221; type=&#8221;full_width&#8221; angled_section=&#8221;no&#8221; text_align=&#8221;left&#8221; background_image_as_pattern=&#8221;without_pattern&#8221;][vc_column][vc_empty_space height=&#8221;16px&#8221;][vc_single_image image=&#8221;224&#8243; img_size=&#8221;full&#8221; alignment=&#8221;center&#8221; onclick=&#8221;custom_link&#8221; qode_css_animation=&#8221;&#8221; link=&#8221;https:\/\/fey.com.tr\/tr\/portfolio\/&#8221;][vc_empty_space][\/vc_column][\/vc_row]<\/p>\n<\/div>","protected":false},"excerpt":{"rendered":"<p>[vc_row css_animation=&#8221;&#8221; row_type=&#8221;row&#8221; use_row_as_full_screen_section=&#8221;no&#8221; type=&#8221;grid&#8221; angled_section=&#8221;no&#8221; text_align=&#8221;left&#8221; background_image_as_pattern=&#8221;without_pattern&#8221;][vc_column width=&#8221;1\/2&#8243; offset=&#8221;vc_col-lg-6 vc_col-md-6 vc_col-xs-12&#8243;][vc_empty_space height=&#8221;16px&#8221;][\/vc_column][vc_column width=&#8221;1\/2&#8243;][vc_column_text] K\u00fc\u00e7\u00fck bir k\u0131z \u00e7ocu\u011fuyken ilk dikkatini \u00e7eken; evlerden sokaklara yans\u0131yan k\u00f6t\u00fc avize ve floresan \u0131\u015f\u0131klar\u0131 oluyor. Bu ileride g\u00f6rsel yan\u0131 a\u011f\u0131r basan i\u015flerle u\u011fra\u015faca\u011f\u0131n\u0131n ilk i\u015fareti ayn\u0131 zamanda&#8230; &nbsp; Vizon dergisi, ard\u0131ndan Yarg\u0131c\u0131 ve 24 y\u0131l da Marie Claire dergisine imza at\u0131yor. Bir d\u00f6nemse \u00f6zg\u00fcrl\u00fc\u011f\u00fcn\u00fc k\u0131s\u0131tlayan, \u2018sat\u0131lan\u2019 yay\u0131nlar yapmaktan s\u0131k\u0131ld\u0131\u011f\u0131 i\u00e7in Biz dergisini haz\u0131rl\u0131yor. 1989 y\u0131l\u0131nda onunla birlikte, T\u00fcrkiye\u2019de ilk kez dergi k\u00fcnyelerinde \u2018moda edit\u00f6r\u00fc\u2019 unvan\u0131 yer almaya ba\u015fl\u0131yor. [\/vc_column_text][vc_empty_space height=&#8221;16px&#8221;][vc_empty_space height=&#8221;16px&#8221;][vc_column_text]Y\u0131llar i\u00e7inde edindi\u011fi birikimleri payla\u015fma iste\u011fi ile bir ma\u011faza de\u011fil de mek\u00e2n olarak d\u00fc\u015f\u00fcnd\u00fc\u011f\u00fc, u\u011frayanlar\u0131n kendini iyi hissetmesini hayal etti\u011fi FEY\u2019e hayat veriyor. \u0130lham kayna\u011f\u0131 ise James Mason Brown\u2019\u0131n; \u201cThe fey quality was there, the ability to see the moon at mid-day\u201d s\u00f6z\u00fc oluyor. FEY\u2019de; eksikli\u011fini hissedip \u00fcretti\u011fi k\u0131yafetleri, vintage\u2019lar\u0131, aksesuarlar\u0131, ev e\u015fyalar\u0131n\u0131 bir araya topluyor. &nbsp; Ad\u0131 \u00fczerinde; FEY&#8230;<\/p>\n","protected":false},"author":2,"featured_media":0,"parent":0,"menu_order":0,"comment_status":"closed","ping_status":"closed","template":"","meta":{"footnotes":""},"class_list":["post-17721","page","type-page","status-publish","hentry"],"aioseo_notices":[],"post_mailing_queue_ids":[],"_links":{"self":[{"href":"https:\/\/fey.com.tr\/tr\/wp-json\/wp\/v2\/pages\/17721","targetHints":{"allow":["GET"]}}],"collection":[{"href":"https:\/\/fey.com.tr\/tr\/wp-json\/wp\/v2\/pages"}],"about":[{"href":"https:\/\/fey.com.tr\/tr\/wp-json\/wp\/v2\/types\/page"}],"author":[{"embeddable":true,"href":"https:\/\/fey.com.tr\/tr\/wp-json\/wp\/v2\/users\/2"}],"replies":[{"embeddable":true,"href":"https:\/\/fey.com.tr\/tr\/wp-json\/wp\/v2\/comments?post=17721"}],"version-history":[{"count":0,"href":"https:\/\/fey.com.tr\/tr\/wp-json\/wp\/v2\/pages\/17721\/revisions"}],"wp:attachment":[{"href":"https:\/\/fey.com.tr\/tr\/wp-json\/wp\/v2\/media?parent=17721"}],"curies":[{"name":"wp","href":"https:\/\/api.w.org\/{rel}","templated":true}]}}