{"id":17914,"date":"2019-01-22T13:16:20","date_gmt":"2019-01-22T10:16:20","guid":{"rendered":"https:\/\/fey.com.tr\/?page_id=17914"},"modified":"2025-07-10T11:19:31","modified_gmt":"2025-07-10T08:19:31","slug":"contact","status":"publish","type":"page","link":"https:\/\/fey.com.tr\/tr\/contact\/","title":{"rendered":"Contact"},"content":{"rendered":"<div class=\"wpb-content-wrapper\"><p>[vc_row css_animation=&#8221;&#8221; row_type=&#8221;row&#8221; use_row_as_full_screen_section=&#8221;no&#8221; type=&#8221;grid&#8221; angled_section=&#8221;no&#8221; text_align=&#8221;left&#8221; background_image_as_pattern=&#8221;without_pattern&#8221;][vc_column width=&#8221;1\/2&#8243;]<div class=\"custom_font_holder \" style=\" font-style: normal; font-weight: 300; text-decoration: none; text-align: left; --qode-cf-font-size: 15px; --qode-cf-line-height: 26px; --qode-cf-font-size-1440: 15px; --qode-cf-line-height-1440: 26px; --qode-cf-font-size-1366: 15px; --qode-cf-line-height-1366: 26px; --qode-cf-font-size-1280: 15px; --qode-cf-line-height-1280: 26px; --qode-cf-font-size-1024: 15px; --qode-cf-line-height-1024: 26px; --qode-cf-font-size-768: 15px; --qode-cf-line-height-768: 26px; --qode-cf-font-size-680: 15px; --qode-cf-line-height-680: 26px; --qode-cf-font-size-480: 15px; --qode-cf-line-height-480: 26px;\">Mim Kemal \u00d6ke Cad. No:9, 34367 Ni\u015fanta\u015f\u0131 \/ \u0130stanbul &#8211; Tel: +90 212 219 8724<\/div><div class='google_map_shortcode_holder' style='height:375px;'><div class='qode_google_map' style='height:375px;' id='map_canvas_10007' data-addresses='[\"Mim Kemal \u00d6ke Cad. No:9, 34367 \u015ei\u015fli \/ Istanbul - Tel:+902122198724\"]' data-custom-map-style='true' data-color-overlay='#393939' data-saturation='-100' data-lightness='0' data-zoom='16' data-pin='https:\/\/fey.com.tr\/wp-content\/uploads\/2018\/02\/pin-2.png' data-unique-id='10007' data-google-maps-scroll-wheel='false' data-snazzy-map-style='no' data-map-height='375'><\/div><div class='google_map_shortcode_overlay'><\/div><\/div>[\/vc_column][vc_column width=&#8221;1\/2&#8243;]<div class=\"custom_font_holder \" style=\" font-style: normal; font-weight: 300; text-decoration: none; text-align: left; --qode-cf-font-size: 15px; --qode-cf-line-height: 26px; --qode-cf-font-size-1440: 15px; --qode-cf-line-height-1440: 26px; --qode-cf-font-size-1366: 15px; --qode-cf-line-height-1366: 26px; --qode-cf-font-size-1280: 15px; --qode-cf-line-height-1280: 26px; --qode-cf-font-size-1024: 15px; --qode-cf-line-height-1024: 26px; --qode-cf-font-size-768: 15px; --qode-cf-line-height-768: 26px; --qode-cf-font-size-680: 15px; --qode-cf-line-height-680: 26px; --qode-cf-font-size-480: 15px; --qode-cf-line-height-480: 26px;\">Valaoritou 9C 10671 Kolonaki \/ Athens &#8211; Tel +30 2103601370<\/div><div class='google_map_shortcode_holder' style='height:375px;'><div class='qode_google_map' style='height:375px;' id='map_canvas_69390' data-addresses='[\"Valaoritou 9C 10671 Kolonaki \/ Athens - Tel +30 2103601370\"]' data-custom-map-style='true' data-color-overlay='#393939' data-saturation='-100' data-lightness='0' data-zoom='16' data-pin='https:\/\/fey.com.tr\/wp-content\/uploads\/2018\/02\/pin-2.png' data-unique-id='69390' data-google-maps-scroll-wheel='false' data-snazzy-map-style='no' data-map-height='375'><\/div><div class='google_map_shortcode_overlay'><\/div><\/div>[\/vc_column][\/vc_row][vc_row css_animation=&#8221;&#8221; row_type=&#8221;row&#8221; use_row_as_full_screen_section=&#8221;no&#8221; type=&#8221;grid&#8221; angled_section=&#8221;no&#8221; text_align=&#8221;center&#8221; background_image_as_pattern=&#8221;without_pattern&#8221; css=&#8221;.vc_custom_1459256726917{padding-top: 70px !important;padding-bottom: 45px !important;}&#8221;][vc_column width=&#8221;5\/6&#8243; offset=&#8221;vc_col-lg-offset-4 vc_col-lg-4 vc_col-md-offset-3 vc_col-md-6 vc_col-sm-offset-1&#8243;][vc_column_text]\n<div class=\"wpcf7 no-js\" id=\"wpcf7-f16031-o1\" lang=\"en-US\" dir=\"ltr\" data-wpcf7-id=\"16031\">\n<div class=\"screen-reader-response\"><p role=\"status\" aria-live=\"polite\" aria-atomic=\"true\"><\/p> <ul><\/ul><\/div>\n<form action=\"\/tr\/wp-json\/wp\/v2\/pages\/17914#wpcf7-f16031-o1\" method=\"post\" class=\"wpcf7-form init cf7_custom_style_2\" aria-label=\"Contact form\" novalidate=\"novalidate\" data-status=\"init\">\n<fieldset class=\"hidden-fields-container\"><input type=\"hidden\" name=\"_wpcf7\" value=\"16031\" \/><input type=\"hidden\" name=\"_wpcf7_version\" value=\"6.1.5\" \/><input type=\"hidden\" name=\"_wpcf7_locale\" value=\"en_US\" \/><input type=\"hidden\" name=\"_wpcf7_unit_tag\" value=\"wpcf7-f16031-o1\" \/><input type=\"hidden\" name=\"_wpcf7_container_post\" value=\"0\" \/><input type=\"hidden\" name=\"_wpcf7_posted_data_hash\" value=\"\" \/>\n<\/fieldset>\n<p><label> Your Name (required)<br \/>\n<span class=\"wpcf7-form-control-wrap\" data-name=\"your-name\"><input size=\"40\" maxlength=\"400\" class=\"wpcf7-form-control wpcf7-text wpcf7-validates-as-required\" aria-required=\"true\" aria-invalid=\"false\" value=\"\" type=\"text\" name=\"your-name\" \/><\/span> <\/label>\n<\/p>\n<p><label> Your Email (required)<br \/>\n<span class=\"wpcf7-form-control-wrap\" data-name=\"your-email\"><input size=\"40\" maxlength=\"400\" class=\"wpcf7-form-control wpcf7-email wpcf7-validates-as-required wpcf7-text wpcf7-validates-as-email\" aria-required=\"true\" aria-invalid=\"false\" value=\"\" type=\"email\" name=\"your-email\" \/><\/span> <\/label>\n<\/p>\n<p><label> Subject<br \/>\n<span class=\"wpcf7-form-control-wrap\" data-name=\"your-subject\"><input size=\"40\" maxlength=\"400\" class=\"wpcf7-form-control wpcf7-text\" aria-invalid=\"false\" value=\"\" type=\"text\" name=\"your-subject\" \/><\/span> <\/label>\n<\/p>\n<p><label> Your Message<br \/>\n<span class=\"wpcf7-form-control-wrap\" data-name=\"your-message\"><textarea cols=\"40\" rows=\"10\" maxlength=\"2000\" class=\"wpcf7-form-control wpcf7-textarea\" aria-invalid=\"false\" name=\"your-message\"><\/textarea><\/span> <\/label><br \/>\nMath Captcha (required) <span class=\"wpcf7-form-control-wrap\" data-name=\"math-quiz\"><label><span class=\"wpcf7-quiz-label\">5-4=?<\/span> <input size=\"40\" class=\"wpcf7-form-control wpcf7-quiz\" autocomplete=\"off\" aria-required=\"true\" aria-invalid=\"false\" type=\"text\" name=\"math-quiz\" \/><\/label><input type=\"hidden\" name=\"_wpcf7_quiz_answer_math-quiz\" value=\"ed4d94d6c89c1198007f0a2880f5cf24\" \/><\/span>\n<\/p>\n<p><input class=\"wpcf7-form-control wpcf7-submit has-spinner\" type=\"submit\" value=\"Send\" \/>\n<\/p><div class=\"wpcf7-response-output\" aria-hidden=\"true\"><\/div>\n<\/form>\n<\/div>\n[\/vc_column_text][\/vc_column][\/vc_row]<\/p>\n<\/div>","protected":false},"excerpt":{"rendered":"<p>[vc_row css_animation=&#8221;&#8221; row_type=&#8221;row&#8221; use_row_as_full_screen_section=&#8221;no&#8221; type=&#8221;grid&#8221; angled_section=&#8221;no&#8221; text_align=&#8221;left&#8221; background_image_as_pattern=&#8221;without_pattern&#8221;][vc_column width=&#8221;1\/2&#8243;][\/vc_column][vc_column width=&#8221;1\/2&#8243;][\/vc_column][\/vc_row][vc_row css_animation=&#8221;&#8221; row_type=&#8221;row&#8221; use_row_as_full_screen_section=&#8221;no&#8221; type=&#8221;grid&#8221; angled_section=&#8221;no&#8221; text_align=&#8221;center&#8221; background_image_as_pattern=&#8221;without_pattern&#8221; css=&#8221;.vc_custom_1459256726917{padding-top: 70px !important;padding-bottom: 45px !important;}&#8221;][vc_column width=&#8221;5\/6&#8243; offset=&#8221;vc_col-lg-offset-4 vc_col-lg-4 vc_col-md-offset-3 vc_col-md-6 vc_col-sm-offset-1&#8243;][vc_column_text][\/vc_column_text][\/vc_column][\/vc_row]<\/p>\n","protected":false},"author":2,"featured_media":0,"parent":0,"menu_order":0,"comment_status":"closed","ping_status":"closed","template":"full_width.php","meta":{"footnotes":""},"class_list":["post-17914","page","type-page","status-publish","hentry"],"aioseo_notices":[],"post_mailing_queue_ids":[],"_links":{"self":[{"href":"https:\/\/fey.com.tr\/tr\/wp-json\/wp\/v2\/pages\/17914","targetHints":{"allow":["GET"]}}],"collection":[{"href":"https:\/\/fey.com.tr\/tr\/wp-json\/wp\/v2\/pages"}],"about":[{"href":"https:\/\/fey.com.tr\/tr\/wp-json\/wp\/v2\/types\/page"}],"author":[{"embeddable":true,"href":"https:\/\/fey.com.tr\/tr\/wp-json\/wp\/v2\/users\/2"}],"replies":[{"embeddable":true,"href":"https:\/\/fey.com.tr\/tr\/wp-json\/wp\/v2\/comments?post=17914"}],"version-history":[{"count":3,"href":"https:\/\/fey.com.tr\/tr\/wp-json\/wp\/v2\/pages\/17914\/revisions"}],"predecessor-version":[{"id":19786,"href":"https:\/\/fey.com.tr\/tr\/wp-json\/wp\/v2\/pages\/17914\/revisions\/19786"}],"wp:attachment":[{"href":"https:\/\/fey.com.tr\/tr\/wp-json\/wp\/v2\/media?parent=17914"}],"curies":[{"name":"wp","href":"https:\/\/api.w.org\/{rel}","templated":true}]}}